{"id":21,"date":"2022-03-24T18:23:46","date_gmt":"2022-03-24T18:23:46","guid":{"rendered":"https:\/\/www.massage-prague-erotic.cz\/cz\/?page_id=21"},"modified":"2023-09-20T12:25:28","modified_gmt":"2023-09-20T12:25:28","slug":"nejlepsi-eroticka-a-tantricka-masaz-v-praze-%e2%9d%a4%ef%b8%8f-non-stop-massage-praha-erotic-cz","status":"publish","type":"page","link":"https:\/\/www.massage-prague-erotic.cz\/cz\/","title":{"rendered":"Hlavni"},"content":{"rendered":"","protected":false},"excerpt":{"rendered":"<div class=\"mh-excerpt\"><\/div>","protected":false},"author":1,"featured_media":0,"parent":0,"menu_order":0,"comment_status":"closed","ping_status":"closed","template":"template-homepage.php","meta":{"footnotes":""},"class_list":["post-21","page","type-page","status-publish"],"yoast_head":"<!-- This site is optimized with the Yoast SEO plugin v27.3 - https:\/\/yoast.com\/product\/yoast-seo-wordpress\/ -->\n<title>Nejlep\u0161\u00ed erotick\u00e1 a tantrick\u00e1 mas\u00e1\u017e v Praze \u2764\ufe0f NON-STOP | Massage-Praha-Erotic.cz<\/title>\n<meta name=\"description\" content=\"Objevte kouzlo erotick\u00e9 mas\u00e1\u017ee v Praze ve stylu tantra. Nab\u00edz\u00edme jedine\u010dn\u00fd z\u00e1\u017eitek pro mu\u017ee, \u017eeny i p\u00e1ry. Luxusn\u00ed prost\u0159ed\u00ed pro va\u0161e dokonal\u00e9 uvoln\u011bn\u00ed. Prozkoumejte svou sensualitu a odhalte tajemstv\u00ed tantra mas\u00e1\u017e\u00ed Praha. Sexy mas\u00e9rky v\u00e1s mas\u00edruj\u00ed nah\u00e9. Mas\u00e1\u017ee s bonusov\u00fdmi slu\u017ebami v srdci Prahy!\u2764\ufe0f\" \/>\n<meta name=\"robots\" content=\"index, follow, max-snippet:-1, max-image-preview:large, max-video-preview:-1\" \/>\n<link rel=\"canonical\" href=\"https:\/\/www.massage-prague-erotic.cz\/cz\/\" \/>\n<meta property=\"og:locale\" content=\"cs_CZ\" \/>\n<meta property=\"og:type\" content=\"article\" \/>\n<meta property=\"og:title\" content=\"Nejlep\u0161\u00ed erotick\u00e1 a tantrick\u00e1 mas\u00e1\u017e v Praze \u2764\ufe0f NON-STOP | Massage-Praha-Erotic.cz\" \/>\n<meta property=\"og:description\" content=\"Objevte kouzlo erotick\u00e9 mas\u00e1\u017ee v Praze ve stylu tantra. Nab\u00edz\u00edme jedine\u010dn\u00fd z\u00e1\u017eitek pro mu\u017ee, \u017eeny i p\u00e1ry. Luxusn\u00ed prost\u0159ed\u00ed pro va\u0161e dokonal\u00e9 uvoln\u011bn\u00ed. Prozkoumejte svou sensualitu a odhalte tajemstv\u00ed tantra mas\u00e1\u017e\u00ed Praha. Sexy mas\u00e9rky v\u00e1s mas\u00edruj\u00ed nah\u00e9. Mas\u00e1\u017ee s bonusov\u00fdmi slu\u017ebami v srdci Prahy!\u2764\ufe0f\" \/>\n<meta property=\"og:url\" content=\"https:\/\/www.massage-prague-erotic.cz\/cz\/\" \/>\n<meta property=\"og:site_name\" content=\"Salon Magic Mas\u00e1\u017ee Praha\" \/>\n<meta property=\"article:modified_time\" content=\"2023-09-20T12:25:28+00:00\" \/>\n<meta name=\"twitter:card\" content=\"summary_large_image\" \/>\n<script type=\"application\/ld+json\" class=\"yoast-schema-graph\">{\"@context\":\"https:\\\/\\\/schema.org\",\"@graph\":[{\"@type\":\"WebPage\",\"@id\":\"https:\\\/\\\/www.massage-prague-erotic.cz\\\/cz\\\/\",\"url\":\"https:\\\/\\\/www.massage-prague-erotic.cz\\\/cz\\\/\",\"name\":\"Nejlep\u0161\u00ed erotick\u00e1 a tantrick\u00e1 mas\u00e1\u017e v Praze \u2764\ufe0f NON-STOP | Massage-Praha-Erotic.cz\",\"isPartOf\":{\"@id\":\"https:\\\/\\\/www.massage-prague-erotic.cz\\\/cz\\\/#website\"},\"datePublished\":\"2022-03-24T18:23:46+00:00\",\"dateModified\":\"2023-09-20T12:25:28+00:00\",\"description\":\"Objevte kouzlo erotick\u00e9 mas\u00e1\u017ee v Praze ve stylu tantra. Nab\u00edz\u00edme jedine\u010dn\u00fd z\u00e1\u017eitek pro mu\u017ee, \u017eeny i p\u00e1ry. Luxusn\u00ed prost\u0159ed\u00ed pro va\u0161e dokonal\u00e9 uvoln\u011bn\u00ed. Prozkoumejte svou sensualitu a odhalte tajemstv\u00ed tantra mas\u00e1\u017e\u00ed Praha. Sexy mas\u00e9rky v\u00e1s mas\u00edruj\u00ed nah\u00e9. Mas\u00e1\u017ee s bonusov\u00fdmi slu\u017ebami v srdci Prahy!\u2764\ufe0f\",\"breadcrumb\":{\"@id\":\"https:\\\/\\\/www.massage-prague-erotic.cz\\\/cz\\\/#breadcrumb\"},\"inLanguage\":\"cs\",\"potentialAction\":[{\"@type\":\"ReadAction\",\"target\":[\"https:\\\/\\\/www.massage-prague-erotic.cz\\\/cz\\\/\"]}]},{\"@type\":\"BreadcrumbList\",\"@id\":\"https:\\\/\\\/www.massage-prague-erotic.cz\\\/cz\\\/#breadcrumb\",\"itemListElement\":[{\"@type\":\"ListItem\",\"position\":1,\"name\":\"\u0413\u043b\u0430\u0432\u043d\u0430\u044f \u0441\u0442\u0440\u0430\u043d\u0438\u0446\u0430\",\"item\":\"https:\\\/\\\/www.massage-prague-erotic.cz\\\/cz\\\/\"},{\"@type\":\"ListItem\",\"position\":2,\"name\":\"Hlavni\"}]},{\"@type\":\"WebSite\",\"@id\":\"https:\\\/\\\/www.massage-prague-erotic.cz\\\/cz\\\/#website\",\"url\":\"https:\\\/\\\/www.massage-prague-erotic.cz\\\/cz\\\/\",\"name\":\"Salon Magic Mas\u00e1\u017ee Praha\",\"description\":\"Erotick\u00e9 mas\u00e1\u017ee v Praze\",\"potentialAction\":[{\"@type\":\"SearchAction\",\"target\":{\"@type\":\"EntryPoint\",\"urlTemplate\":\"https:\\\/\\\/www.massage-prague-erotic.cz\\\/cz\\\/?s={search_term_string}\"},\"query-input\":{\"@type\":\"PropertyValueSpecification\",\"valueRequired\":true,\"valueName\":\"search_term_string\"}}],\"inLanguage\":\"cs\"}]}<\/script>\n<!-- \/ Yoast SEO plugin. -->","yoast_head_json":{"title":"Nejlep\u0161\u00ed erotick\u00e1 a tantrick\u00e1 mas\u00e1\u017e v Praze \u2764\ufe0f NON-STOP | Massage-Praha-Erotic.cz","description":"Objevte kouzlo erotick\u00e9 mas\u00e1\u017ee v Praze ve stylu tantra. Nab\u00edz\u00edme jedine\u010dn\u00fd z\u00e1\u017eitek pro mu\u017ee, \u017eeny i p\u00e1ry. Luxusn\u00ed prost\u0159ed\u00ed pro va\u0161e dokonal\u00e9 uvoln\u011bn\u00ed. Prozkoumejte svou sensualitu a odhalte tajemstv\u00ed tantra mas\u00e1\u017e\u00ed Praha. Sexy mas\u00e9rky v\u00e1s mas\u00edruj\u00ed nah\u00e9. Mas\u00e1\u017ee s bonusov\u00fdmi slu\u017ebami v srdci Prahy!\u2764\ufe0f","robots":{"index":"index","follow":"follow","max-snippet":"max-snippet:-1","max-image-preview":"max-image-preview:large","max-video-preview":"max-video-preview:-1"},"canonical":"https:\/\/www.massage-prague-erotic.cz\/cz\/","og_locale":"cs_CZ","og_type":"article","og_title":"Nejlep\u0161\u00ed erotick\u00e1 a tantrick\u00e1 mas\u00e1\u017e v Praze \u2764\ufe0f NON-STOP | Massage-Praha-Erotic.cz","og_description":"Objevte kouzlo erotick\u00e9 mas\u00e1\u017ee v Praze ve stylu tantra. Nab\u00edz\u00edme jedine\u010dn\u00fd z\u00e1\u017eitek pro mu\u017ee, \u017eeny i p\u00e1ry. Luxusn\u00ed prost\u0159ed\u00ed pro va\u0161e dokonal\u00e9 uvoln\u011bn\u00ed. Prozkoumejte svou sensualitu a odhalte tajemstv\u00ed tantra mas\u00e1\u017e\u00ed Praha. Sexy mas\u00e9rky v\u00e1s mas\u00edruj\u00ed nah\u00e9. Mas\u00e1\u017ee s bonusov\u00fdmi slu\u017ebami v srdci Prahy!\u2764\ufe0f","og_url":"https:\/\/www.massage-prague-erotic.cz\/cz\/","og_site_name":"Salon Magic Mas\u00e1\u017ee Praha","article_modified_time":"2023-09-20T12:25:28+00:00","twitter_card":"summary_large_image","schema":{"@context":"https:\/\/schema.org","@graph":[{"@type":"WebPage","@id":"https:\/\/www.massage-prague-erotic.cz\/cz\/","url":"https:\/\/www.massage-prague-erotic.cz\/cz\/","name":"Nejlep\u0161\u00ed erotick\u00e1 a tantrick\u00e1 mas\u00e1\u017e v Praze \u2764\ufe0f NON-STOP | Massage-Praha-Erotic.cz","isPartOf":{"@id":"https:\/\/www.massage-prague-erotic.cz\/cz\/#website"},"datePublished":"2022-03-24T18:23:46+00:00","dateModified":"2023-09-20T12:25:28+00:00","description":"Objevte kouzlo erotick\u00e9 mas\u00e1\u017ee v Praze ve stylu tantra. Nab\u00edz\u00edme jedine\u010dn\u00fd z\u00e1\u017eitek pro mu\u017ee, \u017eeny i p\u00e1ry. Luxusn\u00ed prost\u0159ed\u00ed pro va\u0161e dokonal\u00e9 uvoln\u011bn\u00ed. Prozkoumejte svou sensualitu a odhalte tajemstv\u00ed tantra mas\u00e1\u017e\u00ed Praha. Sexy mas\u00e9rky v\u00e1s mas\u00edruj\u00ed nah\u00e9. Mas\u00e1\u017ee s bonusov\u00fdmi slu\u017ebami v srdci Prahy!\u2764\ufe0f","breadcrumb":{"@id":"https:\/\/www.massage-prague-erotic.cz\/cz\/#breadcrumb"},"inLanguage":"cs","potentialAction":[{"@type":"ReadAction","target":["https:\/\/www.massage-prague-erotic.cz\/cz\/"]}]},{"@type":"BreadcrumbList","@id":"https:\/\/www.massage-prague-erotic.cz\/cz\/#breadcrumb","itemListElement":[{"@type":"ListItem","position":1,"name":"\u0413\u043b\u0430\u0432\u043d\u0430\u044f \u0441\u0442\u0440\u0430\u043d\u0438\u0446\u0430","item":"https:\/\/www.massage-prague-erotic.cz\/cz\/"},{"@type":"ListItem","position":2,"name":"Hlavni"}]},{"@type":"WebSite","@id":"https:\/\/www.massage-prague-erotic.cz\/cz\/#website","url":"https:\/\/www.massage-prague-erotic.cz\/cz\/","name":"Salon Magic Mas\u00e1\u017ee Praha","description":"Erotick\u00e9 mas\u00e1\u017ee v Praze","potentialAction":[{"@type":"SearchAction","target":{"@type":"EntryPoint","urlTemplate":"https:\/\/www.massage-prague-erotic.cz\/cz\/?s={search_term_string}"},"query-input":{"@type":"PropertyValueSpecification","valueRequired":true,"valueName":"search_term_string"}}],"inLanguage":"cs"}]}},"_links":{"self":[{"href":"https:\/\/www.massage-prague-erotic.cz\/cz\/wp-json\/wp\/v2\/pages\/21","targetHints":{"allow":["GET"]}}],"collection":[{"href":"https:\/\/www.massage-prague-erotic.cz\/cz\/wp-json\/wp\/v2\/pages"}],"about":[{"href":"https:\/\/www.massage-prague-erotic.cz\/cz\/wp-json\/wp\/v2\/types\/page"}],"author":[{"embeddable":true,"href":"https:\/\/www.massage-prague-erotic.cz\/cz\/wp-json\/wp\/v2\/users\/1"}],"replies":[{"embeddable":true,"href":"https:\/\/www.massage-prague-erotic.cz\/cz\/wp-json\/wp\/v2\/comments?post=21"}],"version-history":[{"count":1,"href":"https:\/\/www.massage-prague-erotic.cz\/cz\/wp-json\/wp\/v2\/pages\/21\/revisions"}],"predecessor-version":[{"id":23,"href":"https:\/\/www.massage-prague-erotic.cz\/cz\/wp-json\/wp\/v2\/pages\/21\/revisions\/23"}],"wp:attachment":[{"href":"https:\/\/www.massage-prague-erotic.cz\/cz\/wp-json\/wp\/v2\/media?parent=21"}],"curies":[{"name":"wp","href":"https:\/\/api.w.org\/{rel}","templated":true}]}}