{"id":881,"date":"2023-11-16T08:21:35","date_gmt":"2023-11-16T08:21:35","guid":{"rendered":"https:\/\/www.massage-prague-erotic.cz\/cz\/?page_id=881"},"modified":"2023-11-16T08:21:35","modified_gmt":"2023-11-16T08:21:35","slug":"blog","status":"publish","type":"page","link":"https:\/\/www.massage-prague-erotic.cz\/cz\/blog\/","title":{"rendered":"Blog"},"content":{"rendered":"","protected":false},"excerpt":{"rendered":"<div class=\"mh-excerpt\"><\/div>","protected":false},"author":1,"featured_media":0,"parent":0,"menu_order":0,"comment_status":"closed","ping_status":"closed","template":"template-blog.php","meta":{"footnotes":""},"class_list":["post-881","page","type-page","status-publish"],"yoast_head":"<!-- This site is optimized with the Yoast SEO plugin v27.3 - https:\/\/yoast.com\/product\/yoast-seo-wordpress\/ -->\n<title>Blog - Salon Magic Mas\u00e1\u017ee Praha<\/title>\n<meta name=\"robots\" content=\"index, follow, max-snippet:-1, max-image-preview:large, max-video-preview:-1\" \/>\n<link rel=\"canonical\" href=\"https:\/\/www.massage-prague-erotic.cz\/cz\/blog\/\" \/>\n<meta property=\"og:locale\" content=\"cs_CZ\" \/>\n<meta property=\"og:type\" content=\"article\" \/>\n<meta property=\"og:title\" content=\"Blog - Salon Magic Mas\u00e1\u017ee Praha\" \/>\n<meta property=\"og:url\" content=\"https:\/\/www.massage-prague-erotic.cz\/cz\/blog\/\" \/>\n<meta property=\"og:site_name\" content=\"Salon Magic Mas\u00e1\u017ee Praha\" \/>\n<meta name=\"twitter:card\" content=\"summary_large_image\" \/>\n<script type=\"application\/ld+json\" class=\"yoast-schema-graph\">{\"@context\":\"https:\\\/\\\/schema.org\",\"@graph\":[{\"@type\":\"WebPage\",\"@id\":\"https:\\\/\\\/www.massage-prague-erotic.cz\\\/cz\\\/blog\\\/\",\"url\":\"https:\\\/\\\/www.massage-prague-erotic.cz\\\/cz\\\/blog\\\/\",\"name\":\"Blog - Salon Magic Mas\u00e1\u017ee Praha\",\"isPartOf\":{\"@id\":\"https:\\\/\\\/www.massage-prague-erotic.cz\\\/cz\\\/#website\"},\"datePublished\":\"2023-11-16T08:21:35+00:00\",\"breadcrumb\":{\"@id\":\"https:\\\/\\\/www.massage-prague-erotic.cz\\\/cz\\\/blog\\\/#breadcrumb\"},\"inLanguage\":\"cs\",\"potentialAction\":[{\"@type\":\"ReadAction\",\"target\":[\"https:\\\/\\\/www.massage-prague-erotic.cz\\\/cz\\\/blog\\\/\"]}]},{\"@type\":\"BreadcrumbList\",\"@id\":\"https:\\\/\\\/www.massage-prague-erotic.cz\\\/cz\\\/blog\\\/#breadcrumb\",\"itemListElement\":[{\"@type\":\"ListItem\",\"position\":1,\"name\":\"\u0413\u043b\u0430\u0432\u043d\u0430\u044f \u0441\u0442\u0440\u0430\u043d\u0438\u0446\u0430\",\"item\":\"https:\\\/\\\/www.massage-prague-erotic.cz\\\/cz\\\/\"},{\"@type\":\"ListItem\",\"position\":2,\"name\":\"Blog\"}]},{\"@type\":\"WebSite\",\"@id\":\"https:\\\/\\\/www.massage-prague-erotic.cz\\\/cz\\\/#website\",\"url\":\"https:\\\/\\\/www.massage-prague-erotic.cz\\\/cz\\\/\",\"name\":\"Salon Magic Mas\u00e1\u017ee Praha\",\"description\":\"Erotick\u00e9 mas\u00e1\u017ee v Praze\",\"potentialAction\":[{\"@type\":\"SearchAction\",\"target\":{\"@type\":\"EntryPoint\",\"urlTemplate\":\"https:\\\/\\\/www.massage-prague-erotic.cz\\\/cz\\\/?s={search_term_string}\"},\"query-input\":{\"@type\":\"PropertyValueSpecification\",\"valueRequired\":true,\"valueName\":\"search_term_string\"}}],\"inLanguage\":\"cs\"}]}<\/script>\n<!-- \/ Yoast SEO plugin. -->","yoast_head_json":{"title":"Blog - Salon Magic Mas\u00e1\u017ee Praha","robots":{"index":"index","follow":"follow","max-snippet":"max-snippet:-1","max-image-preview":"max-image-preview:large","max-video-preview":"max-video-preview:-1"},"canonical":"https:\/\/www.massage-prague-erotic.cz\/cz\/blog\/","og_locale":"cs_CZ","og_type":"article","og_title":"Blog - Salon Magic Mas\u00e1\u017ee Praha","og_url":"https:\/\/www.massage-prague-erotic.cz\/cz\/blog\/","og_site_name":"Salon Magic Mas\u00e1\u017ee Praha","twitter_card":"summary_large_image","schema":{"@context":"https:\/\/schema.org","@graph":[{"@type":"WebPage","@id":"https:\/\/www.massage-prague-erotic.cz\/cz\/blog\/","url":"https:\/\/www.massage-prague-erotic.cz\/cz\/blog\/","name":"Blog - Salon Magic Mas\u00e1\u017ee Praha","isPartOf":{"@id":"https:\/\/www.massage-prague-erotic.cz\/cz\/#website"},"datePublished":"2023-11-16T08:21:35+00:00","breadcrumb":{"@id":"https:\/\/www.massage-prague-erotic.cz\/cz\/blog\/#breadcrumb"},"inLanguage":"cs","potentialAction":[{"@type":"ReadAction","target":["https:\/\/www.massage-prague-erotic.cz\/cz\/blog\/"]}]},{"@type":"BreadcrumbList","@id":"https:\/\/www.massage-prague-erotic.cz\/cz\/blog\/#breadcrumb","itemListElement":[{"@type":"ListItem","position":1,"name":"\u0413\u043b\u0430\u0432\u043d\u0430\u044f \u0441\u0442\u0440\u0430\u043d\u0438\u0446\u0430","item":"https:\/\/www.massage-prague-erotic.cz\/cz\/"},{"@type":"ListItem","position":2,"name":"Blog"}]},{"@type":"WebSite","@id":"https:\/\/www.massage-prague-erotic.cz\/cz\/#website","url":"https:\/\/www.massage-prague-erotic.cz\/cz\/","name":"Salon Magic Mas\u00e1\u017ee Praha","description":"Erotick\u00e9 mas\u00e1\u017ee v Praze","potentialAction":[{"@type":"SearchAction","target":{"@type":"EntryPoint","urlTemplate":"https:\/\/www.massage-prague-erotic.cz\/cz\/?s={search_term_string}"},"query-input":{"@type":"PropertyValueSpecification","valueRequired":true,"valueName":"search_term_string"}}],"inLanguage":"cs"}]}},"_links":{"self":[{"href":"https:\/\/www.massage-prague-erotic.cz\/cz\/wp-json\/wp\/v2\/pages\/881","targetHints":{"allow":["GET"]}}],"collection":[{"href":"https:\/\/www.massage-prague-erotic.cz\/cz\/wp-json\/wp\/v2\/pages"}],"about":[{"href":"https:\/\/www.massage-prague-erotic.cz\/cz\/wp-json\/wp\/v2\/types\/page"}],"author":[{"embeddable":true,"href":"https:\/\/www.massage-prague-erotic.cz\/cz\/wp-json\/wp\/v2\/users\/1"}],"replies":[{"embeddable":true,"href":"https:\/\/www.massage-prague-erotic.cz\/cz\/wp-json\/wp\/v2\/comments?post=881"}],"version-history":[{"count":1,"href":"https:\/\/www.massage-prague-erotic.cz\/cz\/wp-json\/wp\/v2\/pages\/881\/revisions"}],"predecessor-version":[{"id":883,"href":"https:\/\/www.massage-prague-erotic.cz\/cz\/wp-json\/wp\/v2\/pages\/881\/revisions\/883"}],"wp:attachment":[{"href":"https:\/\/www.massage-prague-erotic.cz\/cz\/wp-json\/wp\/v2\/media?parent=881"}],"curies":[{"name":"wp","href":"https:\/\/api.w.org\/{rel}","templated":true}]}}